{"id":4780,"date":"2025-07-17T15:56:13","date_gmt":"2025-07-17T18:56:13","guid":{"rendered":"https:\/\/mapaceiboets2.com\/loja-2\/"},"modified":"2026-02-03T04:08:04","modified_gmt":"2026-02-03T07:08:04","slug":"loja","status":"publish","type":"page","link":"https:\/\/mapaceiboets2.com\/pt-br\/","title":{"rendered":"Loja"},"content":{"rendered":"\t\t<div data-elementor-type=\"wp-post\" data-elementor-id=\"4780\" class=\"elementor elementor-4780 elementor-70\" data-elementor-post-type=\"page\">\n\t\t\t\t<div class=\"elementor-element elementor-element-c3d25ba e-con-full e-flex e-con e-parent\" data-id=\"c3d25ba\" data-element_type=\"container\">\n\t\t\t\t<div class=\"elementor-element elementor-element-ed756ec elementor--h-position-center elementor--v-position-middle elementor-arrows-position-inside elementor-pagination-position-inside elementor-widget elementor-widget-slides\" data-id=\"ed756ec\" data-element_type=\"widget\" data-settings=\"{&quot;transition_speed&quot;:200,&quot;navigation&quot;:&quot;both&quot;,&quot;autoplay&quot;:&quot;yes&quot;,&quot;pause_on_hover&quot;:&quot;yes&quot;,&quot;pause_on_interaction&quot;:&quot;yes&quot;,&quot;autoplay_speed&quot;:5000,&quot;infinite&quot;:&quot;yes&quot;,&quot;transition&quot;:&quot;slide&quot;}\" data-widget_type=\"slides.default\">\n\t\t\t\t\t\t\t\t\t\t<div class=\"elementor-slides-wrapper elementor-main-swiper swiper\" role=\"region\" aria-roledescription=\"carousel\" aria-label=\"Diapositivas\" dir=\"ltr\" data-animation=\"zoomIn\">\n\t\t\t\t<div class=\"swiper-wrapper elementor-slides\">\n\t\t\t\t\t\t\t\t\t\t<div class=\"elementor-repeater-item-58af48c swiper-slide\" role=\"group\" aria-roledescription=\"slide\"><div class=\"swiper-slide-bg\" role=\"img\"><\/div><a class=\"swiper-slide-inner\" href=\"https:\/\/mapaceiboets2.com\/pt-br\/producto\/mapa-ceibo\/\"><div class=\"swiper-slide-contents\"><div class=\"elementor-slide-heading\">Tr\u00e1fego argentino realista<\/div><div class=\"elementor-slide-description\"><p>Carros, caminhonetes, \u00f4nibus e caminh\u00f5es argentinos<br \/>\nPol\u00edcias nacionais e provinciais, ambul\u00e2ncias e t\u00e1xis<br \/>\nSinaliza\u00e7\u00e3o vi\u00e1ria argentina (placas, radares, marcas)<\/p>\n<\/div><div  class=\"elementor-button elementor-slide-button elementor-size-sm\">Jogue agora<\/div><\/div><\/a><\/div><div class=\"elementor-repeater-item-937bc43 swiper-slide\" role=\"group\" aria-roledescription=\"slide\"><div class=\"swiper-slide-bg\" role=\"img\"><\/div><a class=\"swiper-slide-inner\" href=\"https:\/\/mapaceiboets2.com\/pt-br\/producto\/mapa-ceibo\/\"><div class=\"swiper-slide-contents\"><div class=\"elementor-slide-heading\">Sistema de carga e log\u00edstica<\/div><div class=\"elementor-slide-description\"><p>Passageiros (\u00f4nibus) e cargas pesadas<br \/>\nMaquin\u00e1rio, gado e combust\u00edvel<br \/>\nTerminais, portos, campos e f\u00e1bricas (Z\u00e1rate com ferry\/log\u00edstica)<\/p>\n<\/div><div  class=\"elementor-button elementor-slide-button elementor-size-sm\">Jogue agora<\/div><\/div><\/a><\/div><div class=\"elementor-repeater-item-d16bada swiper-slide\" role=\"group\" aria-roledescription=\"slide\"><div class=\"swiper-slide-bg\" role=\"img\"><\/div><a class=\"swiper-slide-inner\" href=\"https:\/\/mapaceiboets2.com\/pt-br\/producto\/mapa-ceibo\/\"><div class=\"swiper-slide-contents\"><div class=\"elementor-slide-heading\">Cidades e povoados argentinos<\/div><div class=\"elementor-slide-description\"><p>Mais de 90 localidades<br \/>\nCABA: Flores, Soldati, Liniers, Once, Retiro<br \/>\nGBA e interior: Avellaneda, Mor\u00f3n, Rosario, C\u00f3rdoba, Tucum\u00e1n, Puerto Iguaz\u00fa<\/p>\n<\/div><div  class=\"elementor-button elementor-slide-button elementor-size-sm\">Jogue agora<\/div><\/div><\/a><\/div><div class=\"elementor-repeater-item-ed4b7ce swiper-slide\" role=\"group\" aria-roledescription=\"slide\"><div class=\"swiper-slide-bg\" role=\"img\"><\/div><a class=\"swiper-slide-inner\" href=\"https:\/\/mapaceiboets2.com\/pt-br\/producto\/mapa-ceibo\/\"><div class=\"swiper-slide-contents\"><div class=\"elementor-slide-heading\">Rede vi\u00e1ria e rotas<\/div><div class=\"elementor-slide-description\"><p>Rotas nacionais: RN 9, RN 19, RN 11, RN 34, RN 38, RN 5, RN 3, RN 14<br \/>\nPed\u00e1gios reais: Z\u00e1rate, General Lagos, Pilar, Campana<br \/>\nVia dupla e estradas rurais<\/p>\n<\/div><div  class=\"elementor-button elementor-slide-button elementor-size-sm\">Jogue agora<\/div><\/div><\/a><\/div>\t\t\t\t<\/div>\n\t\t\t\t\t\t\t\t\t\t\t\t\t\t\t<div class=\"elementor-swiper-button elementor-swiper-button-prev\" role=\"button\" tabindex=\"0\" aria-label=\"Slide anterior\">\n\t\t\t\t\t\t\t<svg aria-hidden=\"true\" class=\"e-font-icon-svg e-eicon-chevron-left\" viewBox=\"0 0 1000 1000\" xmlns=\"http:\/\/www.w3.org\/2000\/svg\"><path d=\"M646 125C629 125 613 133 604 142L308 442C296 454 292 471 292 487 292 504 296 521 308 533L604 854C617 867 629 875 646 875 663 875 679 871 692 858 704 846 713 829 713 812 713 796 708 779 692 767L438 487 692 225C700 217 708 204 708 187 708 171 704 154 692 142 675 129 663 125 646 125Z\"><\/path><\/svg>\t\t\t\t\t\t<\/div>\n\t\t\t\t\t\t<div class=\"elementor-swiper-button elementor-swiper-button-next\" role=\"button\" tabindex=\"0\" aria-label=\"Pr\u00f3ximo slide\">\n\t\t\t\t\t\t\t<svg aria-hidden=\"true\" class=\"e-font-icon-svg e-eicon-chevron-right\" viewBox=\"0 0 1000 1000\" xmlns=\"http:\/\/www.w3.org\/2000\/svg\"><path d=\"M696 533C708 521 713 504 713 487 713 471 708 454 696 446L400 146C388 133 375 125 354 125 338 125 325 129 313 142 300 154 292 171 292 187 292 204 296 221 308 233L563 492 304 771C292 783 288 800 288 817 288 833 296 850 308 863 321 871 338 875 354 875 371 875 388 867 400 854L696 533Z\"><\/path><\/svg>\t\t\t\t\t\t<\/div>\n\t\t\t\t\t\t\t\t\t\t\t\t\t\t\t\t<div class=\"swiper-pagination\"><\/div>\n\t\t\t\t\t\t\t\t\t\t\t\t<\/div>\n\t\t\t\t\t\t\t\t<\/div>\n\t\t\t\t<\/div>\n\t\t<div class=\"elementor-element elementor-element-30ebab9 e-flex e-con-boxed e-con e-parent\" data-id=\"30ebab9\" data-element_type=\"container\">\n\t\t\t\t\t<div class=\"e-con-inner\">\n\t\t<div class=\"elementor-element elementor-element-3eee935 e-grid e-con-full e-con e-child\" data-id=\"3eee935\" data-element_type=\"container\">\n\t\t\t\t<div class=\"elementor-element elementor-element-8163bb1 elementor-position-top elementor-widget elementor-widget-image-box\" data-id=\"8163bb1\" data-element_type=\"widget\" data-widget_type=\"image-box.default\">\n\t\t\t\t\t<div class=\"elementor-image-box-wrapper\"><figure class=\"elementor-image-box-img\"><img fetchpriority=\"high\" decoding=\"async\" width=\"1536\" height=\"864\" src=\"https:\/\/mapaceiboets2.com\/wp-content\/uploads\/2025\/07\/ets2_20250726_165631_00.jpg\" class=\"attachment-1536x1536 size-1536x1536 wp-image-4914\" alt=\"\" srcset=\"https:\/\/mapaceiboets2.com\/wp-content\/uploads\/2025\/07\/ets2_20250726_165631_00.jpg 1920w, https:\/\/mapaceiboets2.com\/wp-content\/uploads\/2025\/07\/ets2_20250726_165631_00-650x366.jpg 650w, https:\/\/mapaceiboets2.com\/wp-content\/uploads\/2025\/07\/ets2_20250726_165631_00-300x169.jpg 300w, https:\/\/mapaceiboets2.com\/wp-content\/uploads\/2025\/07\/ets2_20250726_165631_00-600x338.jpg 600w\" sizes=\"(max-width: 1536px) 100vw, 1536px\" \/><\/figure><div class=\"elementor-image-box-content\"><h3 class=\"elementor-image-box-title\">\ud83c\udfe2 Terminais rodovi\u00e1rios<\/h3><p class=\"elementor-image-box-description\">Retiro, Dellepiane, Once, Liniers; R\u00edo Cuarto, Rosario, C\u00f3rdoba, Tucum\u00e1n.\nPlataformas funcionais, docas, bilheterias e encomendas.<\/p><\/div><\/div>\t\t\t\t<\/div>\n\t\t\t\t<div class=\"elementor-element elementor-element-7556c98 elementor-position-top elementor-widget elementor-widget-image-box\" data-id=\"7556c98\" data-element_type=\"widget\" data-widget_type=\"image-box.default\">\n\t\t\t\t\t<div class=\"elementor-image-box-wrapper\"><figure class=\"elementor-image-box-img\"><img decoding=\"async\" width=\"1536\" height=\"864\" src=\"https:\/\/mapaceiboets2.com\/wp-content\/uploads\/2025\/07\/ets2_20250718_171042_00-1536x864.jpg\" class=\"attachment-1536x1536 size-1536x1536 wp-image-4860\" alt=\"\" srcset=\"https:\/\/mapaceiboets2.com\/wp-content\/uploads\/2025\/07\/ets2_20250718_171042_00-1536x864.jpg 1536w, https:\/\/mapaceiboets2.com\/wp-content\/uploads\/2025\/07\/ets2_20250718_171042_00-650x366.jpg 650w, https:\/\/mapaceiboets2.com\/wp-content\/uploads\/2025\/07\/ets2_20250718_171042_00-300x169.jpg 300w, https:\/\/mapaceiboets2.com\/wp-content\/uploads\/2025\/07\/ets2_20250718_171042_00-600x338.jpg 600w, https:\/\/mapaceiboets2.com\/wp-content\/uploads\/2025\/07\/ets2_20250718_171042_00-1024x576.jpg 1024w, https:\/\/mapaceiboets2.com\/wp-content\/uploads\/2025\/07\/ets2_20250718_171042_00-768x432.jpg 768w, https:\/\/mapaceiboets2.com\/wp-content\/uploads\/2025\/07\/ets2_20250718_171042_00.jpg 1920w\" sizes=\"(max-width: 1536px) 100vw, 1536px\" \/><\/figure><div class=\"elementor-image-box-content\"><h3 class=\"elementor-image-box-title\">\ud83c\udfed Empresas e zonas industriais<\/h3><p class=\"elementor-image-box-description\">Empresas rurais (soja, gado), portu\u00e1rias e log\u00edsticas.\nF\u00e1bricas, frigor\u00edficos, silos. Mercado Central como n\u00f3 chave. <\/p><\/div><\/div>\t\t\t\t<\/div>\n\t\t\t\t<div class=\"elementor-element elementor-element-30ef684 elementor-position-top elementor-widget elementor-widget-image-box\" data-id=\"30ef684\" data-element_type=\"widget\" data-widget_type=\"image-box.default\">\n\t\t\t\t\t<div class=\"elementor-image-box-wrapper\"><figure class=\"elementor-image-box-img\"><img decoding=\"async\" width=\"1536\" height=\"864\" src=\"https:\/\/mapaceiboets2.com\/wp-content\/uploads\/2025\/08\/ets2_20250731_121632_00-1536x864.jpg\" class=\"attachment-1536x1536 size-1536x1536 wp-image-4968\" alt=\"\" srcset=\"https:\/\/mapaceiboets2.com\/wp-content\/uploads\/2025\/08\/ets2_20250731_121632_00-1536x864.jpg 1536w, https:\/\/mapaceiboets2.com\/wp-content\/uploads\/2025\/08\/ets2_20250731_121632_00-650x366.jpg 650w, https:\/\/mapaceiboets2.com\/wp-content\/uploads\/2025\/08\/ets2_20250731_121632_00-300x169.jpg 300w, https:\/\/mapaceiboets2.com\/wp-content\/uploads\/2025\/08\/ets2_20250731_121632_00-600x338.jpg 600w, https:\/\/mapaceiboets2.com\/wp-content\/uploads\/2025\/08\/ets2_20250731_121632_00-1024x576.jpg 1024w, https:\/\/mapaceiboets2.com\/wp-content\/uploads\/2025\/08\/ets2_20250731_121632_00-768x432.jpg 768w, https:\/\/mapaceiboets2.com\/wp-content\/uploads\/2025\/08\/ets2_20250731_121632_00.jpg 1920w\" sizes=\"(max-width: 1536px) 100vw, 1536px\" \/><\/figure><div class=\"elementor-image-box-content\"><h3 class=\"elementor-image-box-title\">\ud83c\udfde\ufe0f Entornos e paisagens<\/h3><p class=\"elementor-image-box-description\">Pampas, mato, norte selv\u00e1tico, cidades, campo, sub\u00farbios.\nClima din\u00e2mico, vegeta\u00e7\u00e3o local e decora\u00e7\u00e3o urbana.<\/p><\/div><\/div>\t\t\t\t<\/div>\n\t\t\t\t<\/div>\n\t\t\t\t\t<\/div>\n\t\t\t\t<\/div>\n\t\t<div class=\"elementor-element elementor-element-4299bc2 e-flex e-con-boxed e-con e-parent\" data-id=\"4299bc2\" data-element_type=\"container\">\n\t\t\t\t\t<div class=\"e-con-inner\">\n\t\t\t\t<div class=\"elementor-element elementor-element-a4903f7 elementor-widget elementor-widget-n-accordion\" data-id=\"a4903f7\" data-element_type=\"widget\" data-settings=\"{&quot;default_state&quot;:&quot;all_collapsed&quot;,&quot;max_items_expended&quot;:&quot;multiple&quot;,&quot;n_accordion_animation_duration&quot;:{&quot;unit&quot;:&quot;ms&quot;,&quot;size&quot;:400,&quot;sizes&quot;:[]}}\" data-widget_type=\"nested-accordion.default\">\n\t\t\t\t\t\t\t<div class=\"e-n-accordion\" aria-label=\"Accordion. Open links with Enter or Space, close with Escape, and navigate with Arrow Keys\">\n\t\t\t\t\t\t<details id=\"e-n-accordion-item-1720\" class=\"e-n-accordion-item\" >\n\t\t\t\t<summary class=\"e-n-accordion-item-title\" data-accordion-index=\"1\" tabindex=\"0\" aria-expanded=\"false\" aria-controls=\"e-n-accordion-item-1720\" >\n\t\t\t\t\t<span class='e-n-accordion-item-title-header'><div class=\"e-n-accordion-item-title-text\"> Rotas nacionais <\/div><\/span>\n\t\t\t\t\t\t\t<span class='e-n-accordion-item-title-icon'>\n\t\t\t<span class='e-opened' ><svg aria-hidden=\"true\" class=\"e-font-icon-svg e-fas-minus\" viewBox=\"0 0 448 512\" xmlns=\"http:\/\/www.w3.org\/2000\/svg\"><path d=\"M416 208H32c-17.67 0-32 14.33-32 32v32c0 17.67 14.33 32 32 32h384c17.67 0 32-14.33 32-32v-32c0-17.67-14.33-32-32-32z\"><\/path><\/svg><\/span>\n\t\t\t<span class='e-closed'><svg aria-hidden=\"true\" class=\"e-font-icon-svg e-fas-plus\" viewBox=\"0 0 448 512\" xmlns=\"http:\/\/www.w3.org\/2000\/svg\"><path d=\"M416 208H272V64c0-17.67-14.33-32-32-32h-32c-17.67 0-32 14.33-32 32v144H32c-17.67 0-32 14.33-32 32v32c0 17.67 14.33 32 32 32h144v144c0 17.67 14.33 32 32 32h32c17.67 0 32-14.33 32-32V304h144c17.67 0 32-14.33 32-32v-32c0-17.67-14.33-32-32-32z\"><\/path><\/svg><\/span>\n\t\t<\/span>\n\n\t\t\t\t\t\t<\/summary>\n\t\t\t\t<div role=\"region\" aria-labelledby=\"e-n-accordion-item-1720\" class=\"elementor-element elementor-element-9b4b343 e-con-full e-flex e-con e-child\" data-id=\"9b4b343\" data-element_type=\"container\">\n\t\t\t\t<div class=\"elementor-element elementor-element-2c629de elementor-widget elementor-widget-text-editor\" data-id=\"2c629de\" data-element_type=\"widget\" data-widget_type=\"text-editor.default\">\n\t\t\t\t\t\t\t\t\t<ul><li data-start=\"3172\" data-end=\"3215\"><p data-start=\"3174\" data-end=\"3215\">RN 9 (Rosario \u2013 C\u00f3rdoba \u2013 Buenos Aires)<\/p><\/li><li data-start=\"3216\" data-end=\"3246\"><p data-start=\"3218\" data-end=\"3246\">RN 19 (C\u00f3rdoba \u2013 Santa F\u00e9)<\/p><\/li><li data-start=\"3247\" data-end=\"3291\"><p data-start=\"3249\" data-end=\"3291\">RN 11 (Rosario \u2013 Santa F\u00e9 \u2013 Resist\u00eancia)<\/p><\/li><li data-start=\"3292\" data-end=\"3325\"><p data-start=\"3294\" data-end=\"3325\">RN 34, RN 38, RN 5, RN 3, RN 14<\/p><\/li><\/ul>\t\t\t\t\t\t\t\t<\/div>\n\t\t\t\t<\/div>\n\t\t\t\t\t<\/details>\n\t\t\t\t\t\t<details id=\"e-n-accordion-item-1721\" class=\"e-n-accordion-item\" >\n\t\t\t\t<summary class=\"e-n-accordion-item-title\" data-accordion-index=\"2\" tabindex=\"-1\" aria-expanded=\"false\" aria-controls=\"e-n-accordion-item-1721\" >\n\t\t\t\t\t<span class='e-n-accordion-item-title-header'><div class=\"e-n-accordion-item-title-text\"> Cidades em destaque <\/div><\/span>\n\t\t\t\t\t\t\t<span class='e-n-accordion-item-title-icon'>\n\t\t\t<span class='e-opened' ><svg aria-hidden=\"true\" class=\"e-font-icon-svg e-fas-minus\" viewBox=\"0 0 448 512\" xmlns=\"http:\/\/www.w3.org\/2000\/svg\"><path d=\"M416 208H32c-17.67 0-32 14.33-32 32v32c0 17.67 14.33 32 32 32h384c17.67 0 32-14.33 32-32v-32c0-17.67-14.33-32-32-32z\"><\/path><\/svg><\/span>\n\t\t\t<span class='e-closed'><svg aria-hidden=\"true\" class=\"e-font-icon-svg e-fas-plus\" viewBox=\"0 0 448 512\" xmlns=\"http:\/\/www.w3.org\/2000\/svg\"><path d=\"M416 208H272V64c0-17.67-14.33-32-32-32h-32c-17.67 0-32 14.33-32 32v144H32c-17.67 0-32 14.33-32 32v32c0 17.67 14.33 32 32 32h144v144c0 17.67 14.33 32 32 32h32c17.67 0 32-14.33 32-32V304h144c17.67 0 32-14.33 32-32v-32c0-17.67-14.33-32-32-32z\"><\/path><\/svg><\/span>\n\t\t<\/span>\n\n\t\t\t\t\t\t<\/summary>\n\t\t\t\t<div role=\"region\" aria-labelledby=\"e-n-accordion-item-1721\" class=\"elementor-element elementor-element-c8df4fe e-con-full e-flex e-con e-child\" data-id=\"c8df4fe\" data-element_type=\"container\">\n\t\t\t\t<div class=\"elementor-element elementor-element-894c99b elementor-widget elementor-widget-text-editor\" data-id=\"894c99b\" data-element_type=\"widget\" data-widget_type=\"text-editor.default\">\n\t\t\t\t\t\t\t\t\t<ul><li data-start=\"3367\" data-end=\"3415\"><p data-start=\"3369\" data-end=\"3415\">CABA: Flores, Soldati, Liniers, Once, Retiro<\/p><\/li><li data-start=\"3416\" data-end=\"3485\"><p data-start=\"3418\" data-end=\"3485\">GBA: Avellaneda, Mor\u00f3n, Merlo, Lomas de Zamora, San Justo, Moreno<\/p><\/li><li data-start=\"3486\" data-end=\"3614\"><p data-start=\"3488\" data-end=\"3614\">Interior: Rosario, C\u00f3rdoba, R\u00edo Cuarto, San Francisco, Tucum\u00e1n, Met\u00e1n, Loreto, Puerto Iguaz\u00fa, Baradero, San Pedro, San Nicol\u00e1s<\/p><\/li><\/ul>\t\t\t\t\t\t\t\t<\/div>\n\t\t\t\t<\/div>\n\t\t\t\t\t<\/details>\n\t\t\t\t\t<\/div>\n\t\t\t\t\t\t<\/div>\n\t\t\t\t\t<\/div>\n\t\t\t\t<\/div>\n\t\t<div class=\"elementor-element elementor-element-37d7db6 e-flex e-con-boxed e-con e-parent\" data-id=\"37d7db6\" data-element_type=\"container\">\n\t\t\t\t\t<div class=\"e-con-inner\">\n\t\t\t\t<div class=\"elementor-element elementor-element-6c420d0 elementor-align-justify elementor-widget elementor-widget-button\" data-id=\"6c420d0\" data-element_type=\"widget\" data-widget_type=\"button.default\">\n\t\t\t\t\t\t\t\t\t\t<a class=\"elementor-button elementor-button-link elementor-size-sm\" href=\"https:\/\/mapaceiboets2.com\/pt-br\/producto\/mapa-ceibo\/\">\n\t\t\t\t\t\t<span class=\"elementor-button-content-wrapper\">\n\t\t\t\t\t\t\t\t\t<span class=\"elementor-button-text\">Jogue agora<\/span>\n\t\t\t\t\t<\/span>\n\t\t\t\t\t<\/a>\n\t\t\t\t\t\t\t\t<\/div>\n\t\t\t\t\t<\/div>\n\t\t\t\t<\/div>\n\t\t\t\t<\/div>\n\t\t","protected":false},"excerpt":{"rendered":"<p>Tr\u00e1fego argentino realista Carros, caminhonetes, \u00f4nibus e caminh\u00f5es argentinos Pol\u00edcias nacionais e provinciais, ambul\u00e2ncias e t\u00e1xis Sinaliza\u00e7\u00e3o vi\u00e1ria argentina (placas, radares, marcas) Jogue agoraSistema de carga e log\u00edstica Passageiros (\u00f4nibus) e cargas pesadas Maquin\u00e1rio, gado e combust\u00edvel Terminais, portos, campos e f\u00e1bricas (Z\u00e1rate com ferry\/log\u00edstica) Jogue agoraCidades e povoados argentinos Mais de 90 localidades CABA: [&hellip;]<\/p>\n","protected":false},"author":1,"featured_media":0,"parent":0,"menu_order":0,"comment_status":"closed","ping_status":"closed","template":"","meta":{"footnotes":""},"class_list":["post-4780","page","type-page","status-publish","hentry"],"_links":{"self":[{"href":"https:\/\/mapaceiboets2.com\/pt-br\/wp-json\/wp\/v2\/pages\/4780","targetHints":{"allow":["GET"]}}],"collection":[{"href":"https:\/\/mapaceiboets2.com\/pt-br\/wp-json\/wp\/v2\/pages"}],"about":[{"href":"https:\/\/mapaceiboets2.com\/pt-br\/wp-json\/wp\/v2\/types\/page"}],"author":[{"embeddable":true,"href":"https:\/\/mapaceiboets2.com\/pt-br\/wp-json\/wp\/v2\/users\/1"}],"replies":[{"embeddable":true,"href":"https:\/\/mapaceiboets2.com\/pt-br\/wp-json\/wp\/v2\/comments?post=4780"}],"version-history":[{"count":5,"href":"https:\/\/mapaceiboets2.com\/pt-br\/wp-json\/wp\/v2\/pages\/4780\/revisions"}],"predecessor-version":[{"id":7032,"href":"https:\/\/mapaceiboets2.com\/pt-br\/wp-json\/wp\/v2\/pages\/4780\/revisions\/7032"}],"wp:attachment":[{"href":"https:\/\/mapaceiboets2.com\/pt-br\/wp-json\/wp\/v2\/media?parent=4780"}],"curies":[{"name":"wp","href":"https:\/\/api.w.org\/{rel}","templated":true}]}}