{"id":6465,"date":"2026-01-21T00:57:04","date_gmt":"2026-01-21T03:57:04","guid":{"rendered":"https:\/\/mapaceiboets2.com\/semirreboque\/"},"modified":"2026-01-21T18:01:09","modified_gmt":"2026-01-21T21:01:09","slug":"semirreboque","status":"publish","type":"page","link":"https:\/\/mapaceiboets2.com\/pt-br\/semirreboque\/","title":{"rendered":"Semirreboque"},"content":{"rendered":"\t\t<div data-elementor-type=\"wp-page\" data-elementor-id=\"6465\" class=\"elementor elementor-6465 elementor-6351\" data-elementor-post-type=\"page\">\n\t\t\t\t<div class=\"elementor-element elementor-element-fcc2761 e-flex e-con-boxed e-con e-parent\" data-id=\"fcc2761\" data-element_type=\"container\" data-e-type=\"container\">\n\t\t\t\t\t<div class=\"e-con-inner\">\n\t\t\t\t<div class=\"elementor-element elementor-element-f665d18 elementor-widget elementor-widget-text-editor\" data-id=\"f665d18\" data-element_type=\"widget\" data-e-type=\"widget\" data-widget_type=\"text-editor.default\">\n\t\t\t\t\t\t\t\t\t<h1 style=\"text-align: center;\">LAN\u00c7AMENTO: Semirreboque Lambert!<\/h1><p style=\"text-align: center;\"><span style=\"color: #bababa;\">Leve a sua frota para o pr\u00f3ximo n\u00edvel com um semirreboque cheio de detalhes, presen\u00e7a e realismo, pronto para percorrer a rota argentina junto com o Mapa Ceibo.<\/span><\/p>\t\t\t\t\t\t\t\t<\/div>\n\t\t<div class=\"elementor-element elementor-element-a1f44b9 e-grid e-con-full e-con e-child\" data-id=\"a1f44b9\" data-element_type=\"container\" data-e-type=\"container\">\n\t\t\t\t<div class=\"elementor-element elementor-element-3f1a559 elementor-position-top elementor-widget elementor-widget-image-box\" data-id=\"3f1a559\" data-element_type=\"widget\" data-e-type=\"widget\" data-widget_type=\"image-box.default\">\n\t\t\t\t\t<div class=\"elementor-image-box-wrapper\"><figure class=\"elementor-image-box-img\"><img fetchpriority=\"high\" decoding=\"async\" width=\"1536\" height=\"864\" src=\"https:\/\/mapaceiboets2.com\/wp-content\/uploads\/2025\/07\/ets2_20260116_005251_00-1536x864.png\" class=\"attachment-1536x1536 size-1536x1536 wp-image-6132\" alt=\"\" srcset=\"https:\/\/mapaceiboets2.com\/wp-content\/uploads\/2025\/07\/ets2_20260116_005251_00-1536x864.png 1536w, https:\/\/mapaceiboets2.com\/wp-content\/uploads\/2025\/07\/ets2_20260116_005251_00-300x169.png 300w, https:\/\/mapaceiboets2.com\/wp-content\/uploads\/2025\/07\/ets2_20260116_005251_00-1024x576.png 1024w, https:\/\/mapaceiboets2.com\/wp-content\/uploads\/2025\/07\/ets2_20260116_005251_00-768x432.png 768w, https:\/\/mapaceiboets2.com\/wp-content\/uploads\/2025\/07\/ets2_20260116_005251_00-650x366.png 650w, https:\/\/mapaceiboets2.com\/wp-content\/uploads\/2025\/07\/ets2_20260116_005251_00-600x338.png 600w, https:\/\/mapaceiboets2.com\/wp-content\/uploads\/2025\/07\/ets2_20260116_005251_00.png 1920w\" sizes=\"(max-width: 1536px) 100vw, 1536px\" \/><\/figure><div class=\"elementor-image-box-content\"><h3 class=\"elementor-image-box-title\">\ud83d\udd0d Realismo em cada detalhe<\/h3><\/div><\/div>\t\t\t\t<\/div>\n\t\t\t\t<div class=\"elementor-element elementor-element-5d06330 elementor-position-top elementor-widget elementor-widget-image-box\" data-id=\"5d06330\" data-element_type=\"widget\" data-e-type=\"widget\" data-widget_type=\"image-box.default\">\n\t\t\t\t\t<div class=\"elementor-image-box-wrapper\"><figure class=\"elementor-image-box-img\"><img decoding=\"async\" width=\"1536\" height=\"864\" src=\"https:\/\/mapaceiboets2.com\/wp-content\/uploads\/2025\/07\/ets2_20260116_005445_00-1536x864.png\" class=\"attachment-1536x1536 size-1536x1536 wp-image-6133\" alt=\"\" srcset=\"https:\/\/mapaceiboets2.com\/wp-content\/uploads\/2025\/07\/ets2_20260116_005445_00-1536x864.png 1536w, https:\/\/mapaceiboets2.com\/wp-content\/uploads\/2025\/07\/ets2_20260116_005445_00-300x169.png 300w, https:\/\/mapaceiboets2.com\/wp-content\/uploads\/2025\/07\/ets2_20260116_005445_00-1024x576.png 1024w, https:\/\/mapaceiboets2.com\/wp-content\/uploads\/2025\/07\/ets2_20260116_005445_00-768x432.png 768w, https:\/\/mapaceiboets2.com\/wp-content\/uploads\/2025\/07\/ets2_20260116_005445_00-650x366.png 650w, https:\/\/mapaceiboets2.com\/wp-content\/uploads\/2025\/07\/ets2_20260116_005445_00-600x338.png 600w, https:\/\/mapaceiboets2.com\/wp-content\/uploads\/2025\/07\/ets2_20260116_005445_00.png 1920w\" sizes=\"(max-width: 1536px) 100vw, 1536px\" \/><\/figure><div class=\"elementor-image-box-content\"><h3 class=\"elementor-image-box-title\">\ud83c\udfa8 Personalize a sua frota<\/h3><\/div><\/div>\t\t\t\t<\/div>\n\t\t\t\t<div class=\"elementor-element elementor-element-da0ea7b elementor-position-top elementor-widget elementor-widget-image-box\" data-id=\"da0ea7b\" data-element_type=\"widget\" data-e-type=\"widget\" data-widget_type=\"image-box.default\">\n\t\t\t\t\t<div class=\"elementor-image-box-wrapper\"><figure class=\"elementor-image-box-img\"><img decoding=\"async\" width=\"1536\" height=\"864\" src=\"https:\/\/mapaceiboets2.com\/wp-content\/uploads\/2025\/07\/ets2_20260116_004649_00-1536x864.png\" class=\"attachment-1536x1536 size-1536x1536 wp-image-6130\" alt=\"\" srcset=\"https:\/\/mapaceiboets2.com\/wp-content\/uploads\/2025\/07\/ets2_20260116_004649_00-1536x864.png 1536w, https:\/\/mapaceiboets2.com\/wp-content\/uploads\/2025\/07\/ets2_20260116_004649_00-300x169.png 300w, https:\/\/mapaceiboets2.com\/wp-content\/uploads\/2025\/07\/ets2_20260116_004649_00-1024x576.png 1024w, https:\/\/mapaceiboets2.com\/wp-content\/uploads\/2025\/07\/ets2_20260116_004649_00-768x432.png 768w, https:\/\/mapaceiboets2.com\/wp-content\/uploads\/2025\/07\/ets2_20260116_004649_00-650x366.png 650w, https:\/\/mapaceiboets2.com\/wp-content\/uploads\/2025\/07\/ets2_20260116_004649_00-600x338.png 600w, https:\/\/mapaceiboets2.com\/wp-content\/uploads\/2025\/07\/ets2_20260116_004649_00.png 1920w\" sizes=\"(max-width: 1536px) 100vw, 1536px\" \/><\/figure><div class=\"elementor-image-box-content\"><h3 class=\"elementor-image-box-title\">\ud83d\udee3\ufe0f Feito para a rota argentina<\/h3><\/div><\/div>\t\t\t\t<\/div>\n\t\t\t\t<\/div>\n\t\t\t\t<div class=\"elementor-element elementor-element-e09421d elementor-align-justify elementor-widget elementor-widget-button\" data-id=\"e09421d\" data-element_type=\"widget\" data-e-type=\"widget\" data-widget_type=\"button.default\">\n\t\t\t\t\t\t\t\t\t\t<a class=\"elementor-button elementor-button-link elementor-size-sm\" href=\"https:\/\/mapaceiboets2.com\/pt-br\/?post_type=product&#038;p=6047\">\n\t\t\t\t\t\t<span class=\"elementor-button-content-wrapper\">\n\t\t\t\t\t\t\t\t\t<span class=\"elementor-button-text\">Adicionar \u00e0 minha frota<\/span>\n\t\t\t\t\t<\/span>\n\t\t\t\t\t<\/a>\n\t\t\t\t\t\t\t\t<\/div>\n\t\t\t\t\t<\/div>\n\t\t\t\t<\/div>\n\t\t\t\t<\/div>\n\t\t","protected":false},"excerpt":{"rendered":"<p>LAN\u00c7AMENTO: Semirreboque Lambert! Leve a sua frota para o pr\u00f3ximo n\u00edvel com um semirreboque cheio de detalhes, presen\u00e7a e realismo, pronto para percorrer a rota argentina junto com o Mapa Ceibo. \ud83d\udd0d Realismo em cada detalhe \ud83c\udfa8 Personalize a sua frota \ud83d\udee3\ufe0f Feito para a rota argentina Adicionar \u00e0 minha frota<\/p>\n","protected":false},"author":2,"featured_media":0,"parent":0,"menu_order":0,"comment_status":"closed","ping_status":"closed","template":"","meta":{"footnotes":""},"class_list":["post-6465","page","type-page","status-publish","hentry"],"_links":{"self":[{"href":"https:\/\/mapaceiboets2.com\/pt-br\/wp-json\/wp\/v2\/pages\/6465","targetHints":{"allow":["GET"]}}],"collection":[{"href":"https:\/\/mapaceiboets2.com\/pt-br\/wp-json\/wp\/v2\/pages"}],"about":[{"href":"https:\/\/mapaceiboets2.com\/pt-br\/wp-json\/wp\/v2\/types\/page"}],"author":[{"embeddable":true,"href":"https:\/\/mapaceiboets2.com\/pt-br\/wp-json\/wp\/v2\/users\/2"}],"replies":[{"embeddable":true,"href":"https:\/\/mapaceiboets2.com\/pt-br\/wp-json\/wp\/v2\/comments?post=6465"}],"version-history":[{"count":1,"href":"https:\/\/mapaceiboets2.com\/pt-br\/wp-json\/wp\/v2\/pages\/6465\/revisions"}],"predecessor-version":[{"id":6466,"href":"https:\/\/mapaceiboets2.com\/pt-br\/wp-json\/wp\/v2\/pages\/6465\/revisions\/6466"}],"wp:attachment":[{"href":"https:\/\/mapaceiboets2.com\/pt-br\/wp-json\/wp\/v2\/media?parent=6465"}],"curies":[{"name":"wp","href":"https:\/\/api.w.org\/{rel}","templated":true}]}}