{"id":6047,"date":"2026-01-14T11:05:39","date_gmt":"2026-01-14T14:05:39","guid":{"rendered":"https:\/\/mapaceiboets2.com\/?post_type=product&#038;p=6047"},"modified":"2026-01-21T18:13:46","modified_gmt":"2026-01-21T21:13:46","slug":"semirremolque-lambert","status":"publish","type":"product","link":"https:\/\/mapaceiboets2.com\/pt-br\/producto\/semirremolque-lambert\/","title":{"rendered":"Semirreboque Lambert"},"content":{"rendered":"<p><!-- Introducci\u00f3n --><\/p>\n<h2 data-start=\"266\" data-end=\"332\">Semirreboque Lambert \u2013 Versatilidade para percorrer a Argentina<\/h2>\n<p data-start=\"334\" data-end=\"577\">O <strong data-start=\"337\" data-end=\"362\">Semirreboque Lambert<\/strong> \u00e9 um complemento ideal para aproveitar ao m\u00e1ximo a experi\u00eancia do <strong data-start=\"431\" data-end=\"445\">Mapa Ceibo<\/strong>, oferecendo um alto n\u00edvel de <strong data-start=\"475\" data-end=\"521\">realismo, personaliza\u00e7\u00e3o e compatibilidade<\/strong> com toda a rede rodovi\u00e1ria argentina representada no mapa.<\/p>\n<p data-start=\"579\" data-end=\"831\">Projetado para se adaptar a diferentes tipos de carga e percursos, este semirreboque permite enfrentar desde <strong data-start=\"687\" data-end=\"716\">rotas nacionais extensas<\/strong> at\u00e9 <strong data-start=\"723\" data-end=\"769\">trajetos regionais e estradas secund\u00e1rias<\/strong>, mantendo a coer\u00eancia visual e funcional em cada quil\u00f4metro.<\/p>\n<p data-start=\"833\" data-end=\"995\">Cada detalhe foi pensado para se integrar de forma natural ao ambiente argentino, acompanhando a evolu\u00e7\u00e3o constante do mapa e elevando a imers\u00e3o do simulador.<\/p>\n<p><!-- Bloque de destacados --><\/p>\n<div class=\"mc-highlights\" style=\"margin: 1rem 0; padding: 1rem; border: 1px solid #e0e0e0; border-radius: 12px;\" data-darkreader-inline-border-top=\"\" data-darkreader-inline-border-right=\"\" data-darkreader-inline-border-bottom=\"\" data-darkreader-inline-border-left=\"\">\n<p style=\"margin: 0 0 .5rem 0;\"><strong>\ud83d\udccc Dados principais<\/strong><\/p>\n<ul style=\"margin: 0; padding-left: 1.25rem; display: grid; grid-template-columns: repeat(auto-fit,minmax(220px,1fr)); gap: .25rem .75rem;\">\n<li><strong>\u2248 Compat\u00edvel com todas as empresas do mapa <\/strong><\/li>\n<li>Compat\u00edvel com <strong>Euro Truck Simulator 2 v1.57<\/strong><\/li>\n<li><strong>Pagamento \u00fanico<\/strong> (sem assinatura)<\/li>\n<li><strong>Atualiza\u00e7\u00f5es gratuitas<\/strong><\/li>\n<\/ul>\n<\/div>\n<p data-start=\"334\" data-end=\"577\">\ud83d\ude9a O <strong data-start=\"337\" data-end=\"362\">Semirreboque Lambert<\/strong> \u00e9 um complemento ideal para aproveitar ao m\u00e1ximo a experi\u00eancia do <strong data-start=\"431\" data-end=\"445\">Mapa Ceibo<\/strong>, oferecendo um alto n\u00edvel de <strong data-start=\"475\" data-end=\"521\">realismo, personaliza\u00e7\u00e3o e compatibilidade<\/strong> com toda a rede rodovi\u00e1ria argentina representada no mapa.<\/p>\n<p data-start=\"579\" data-end=\"831\">Projetado para se adaptar a diferentes tipos de carga e percursos, este semirreboque permite enfrentar desde <strong data-start=\"687\" data-end=\"716\">rotas nacionais extensas<\/strong> at\u00e9 <strong data-start=\"723\" data-end=\"769\">trajetos regionais e estradas secund\u00e1rias<\/strong>, mantendo a coer\u00eancia visual e funcional em cada quil\u00f4metro.<\/p>\n<p data-start=\"833\" data-end=\"995\">Cada detalhe foi pensado para se integrar de forma natural ao ambiente argentino, acompanhando a evolu\u00e7\u00e3o constante do mapa e elevando a imers\u00e3o do simulador.<\/p>\n","protected":false},"excerpt":{"rendered":"<p>Semirreboque Lambert \u2013 Versatilidade para percorrer a Argentina O Semirreboque Lambert \u00e9 um complemento ideal para aproveitar ao m\u00e1ximo a experi\u00eancia do Mapa Ceibo, oferecendo um alto n\u00edvel de realismo, personaliza\u00e7\u00e3o e compatibilidade com toda a rede rodovi\u00e1ria argentina representada no mapa. Projetado para se adaptar a diferentes tipos de carga e percursos, este semirreboque [&hellip;]<\/p>\n","protected":false},"featured_media":6119,"template":"","meta":[],"product_brand":[],"product_cat":[75],"product_tag":[],"class_list":{"0":"post-6047","1":"product","2":"type-product","3":"status-publish","4":"has-post-thumbnail","6":"product_cat-semirreboques","8":"first","9":"instock","10":"sale","11":"downloadable","12":"virtual","13":"sold-individually","14":"purchasable","15":"product-type-simple"},"gallery_images":[6132,6133,6131,6130],"_links":{"self":[{"href":"https:\/\/mapaceiboets2.com\/pt-br\/wp-json\/wp\/v2\/product\/6047","targetHints":{"allow":["GET"]}}],"collection":[{"href":"https:\/\/mapaceiboets2.com\/pt-br\/wp-json\/wp\/v2\/product"}],"about":[{"href":"https:\/\/mapaceiboets2.com\/pt-br\/wp-json\/wp\/v2\/types\/product"}],"wp:featuredmedia":[{"embeddable":true,"href":"https:\/\/mapaceiboets2.com\/pt-br\/wp-json\/wp\/v2\/media\/6119"}],"wp:attachment":[{"href":"https:\/\/mapaceiboets2.com\/pt-br\/wp-json\/wp\/v2\/media?parent=6047"}],"wp:term":[{"taxonomy":"product_brand","embeddable":true,"href":"https:\/\/mapaceiboets2.com\/pt-br\/wp-json\/wp\/v2\/product_brand?post=6047"},{"taxonomy":"product_cat","embeddable":true,"href":"https:\/\/mapaceiboets2.com\/pt-br\/wp-json\/wp\/v2\/product_cat?post=6047"},{"taxonomy":"product_tag","embeddable":true,"href":"https:\/\/mapaceiboets2.com\/pt-br\/wp-json\/wp\/v2\/product_tag?post=6047"}],"curies":[{"name":"wp","href":"https:\/\/api.w.org\/{rel}","templated":true}]}}